{"id":92,"date":"2021-01-19T18:42:13","date_gmt":"2021-01-19T17:42:13","guid":{"rendered":"https:\/\/archedutrieves-gite.com\/?page_id=92"},"modified":"2021-01-24T15:48:53","modified_gmt":"2021-01-24T14:48:53","slug":"le-grand-gite","status":"publish","type":"page","link":"https:\/\/archedutrieves-gite.com\/index.php\/le-grand-gite\/","title":{"rendered":"Le grand g\u00eete"},"content":{"rendered":"\n<p class=\"has-text-align-left\">Le grand g\u00eete est un g\u00eete spacieux de 15 places, implant\u00e9 sur deux \u00e9tages. <\/p>\n\n\n\n<p class=\"has-text-align-left\">Le 1er \u00e9tage, de 300 m2, se compose d&#8217;un grand espace salon-salle \u00e0 manger articul\u00e9 autour de diff\u00e9rents espaces : salon t\u00e9l\u00e9, salle \u00e0 manger, biblioth\u00e8que, bar ; d&#8217;une cuisine toute \u00e9quip\u00e9e ; de 5 chambres (de 2 \u00e0 5 personnes) avec douches et de deux wc.<\/p>\n\n\n\n<p class=\"has-text-align-left\">Gite &#8220;accueil b\u00e9b\u00e9&#8221; : mise \u00e0 disposition de chaises hautes, lits parapluie, &#8230;<\/p>\n\n\n\n<p class=\"has-text-align-left\">Au rez de chauss\u00e9e, le g\u00eete propose une cuisine d&#8217;\u00e9t\u00e9, des wc et un grand espace pouvant servir de buanderie, local \u00e0 ski ou v\u00e9los et salle de jeux (table de ping-pong).<\/p>\n\n\n\n<p class=\"has-text-align-left\">En ext\u00e9rieur terrasse, barbecue.  En espace partag\u00e9 avec le petit g\u00eete : terrain de p\u00e9tanque, jeux d&#8217;enfants et espaces verts.<\/p>\n\n\n\n<figure class=\"wp-block-image size-large\"><img loading=\"lazy\" width=\"1024\" height=\"683\" src=\"https:\/\/archedutrieves-gite.com\/wp-content\/uploads\/2021\/01\/P1220075-min-1024x683.jpg\" alt=\"\" class=\"wp-image-143\" srcset=\"https:\/\/archedutrieves-gite.com\/wp-content\/uploads\/2021\/01\/P1220075-min-1024x683.jpg 1024w, https:\/\/archedutrieves-gite.com\/wp-content\/uploads\/2021\/01\/P1220075-min-300x200.jpg 300w, https:\/\/archedutrieves-gite.com\/wp-content\/uploads\/2021\/01\/P1220075-min-768x512.jpg 768w, https:\/\/archedutrieves-gite.com\/wp-content\/uploads\/2021\/01\/P1220075-min-1536x1024.jpg 1536w, https:\/\/archedutrieves-gite.com\/wp-content\/uploads\/2021\/01\/P1220075-min-2048x1365.jpg 2048w, https:\/\/archedutrieves-gite.com\/wp-content\/uploads\/2021\/01\/P1220075-min-90x60.jpg 90w, https:\/\/archedutrieves-gite.com\/wp-content\/uploads\/2021\/01\/P1220075-min-370x247.jpg 370w, https:\/\/archedutrieves-gite.com\/wp-content\/uploads\/2021\/01\/P1220075-min-776x517.jpg 776w\" sizes=\"(max-width: 1024px) 100vw, 1024px\" \/><\/figure>\n\n\n\n<figure class=\"wp-block-gallery columns-4\"><ul class=\"blocks-gallery-grid\"><li class=\"blocks-gallery-item\"><figure><img loading=\"lazy\" width=\"1024\" height=\"683\" src=\"https:\/\/archedutrieves-gite.com\/wp-content\/uploads\/2021\/01\/P1220080-min-1024x683.jpg\" alt=\"\" data-id=\"161\" data-full-url=\"https:\/\/archedutrieves-gite.com\/wp-content\/uploads\/2021\/01\/P1220080-min-scaled.jpg\" data-link=\"https:\/\/archedutrieves-gite.com\/p1220080-min\/\" class=\"wp-image-161\" srcset=\"https:\/\/archedutrieves-gite.com\/wp-content\/uploads\/2021\/01\/P1220080-min-1024x683.jpg 1024w, https:\/\/archedutrieves-gite.com\/wp-content\/uploads\/2021\/01\/P1220080-min-300x200.jpg 300w, https:\/\/archedutrieves-gite.com\/wp-content\/uploads\/2021\/01\/P1220080-min-768x512.jpg 768w, https:\/\/archedutrieves-gite.com\/wp-content\/uploads\/2021\/01\/P1220080-min-1536x1024.jpg 1536w, https:\/\/archedutrieves-gite.com\/wp-content\/uploads\/2021\/01\/P1220080-min-2048x1365.jpg 2048w, https:\/\/archedutrieves-gite.com\/wp-content\/uploads\/2021\/01\/P1220080-min-90x60.jpg 90w, https:\/\/archedutrieves-gite.com\/wp-content\/uploads\/2021\/01\/P1220080-min-370x247.jpg 370w, https:\/\/archedutrieves-gite.com\/wp-content\/uploads\/2021\/01\/P1220080-min-776x517.jpg 776w\" sizes=\"(max-width: 1024px) 100vw, 1024px\" \/><figcaption class=\"blocks-gallery-item__caption\">le salon<\/figcaption><\/figure><\/li><li class=\"blocks-gallery-item\"><figure><img loading=\"lazy\" width=\"1024\" height=\"741\" src=\"https:\/\/archedutrieves-gite.com\/wp-content\/uploads\/2021\/01\/grand-gite-15-min-1024x741.jpg\" alt=\"\" data-id=\"205\" data-full-url=\"https:\/\/archedutrieves-gite.com\/wp-content\/uploads\/2021\/01\/grand-gite-15-min-scaled.jpg\" data-link=\"https:\/\/archedutrieves-gite.com\/index.php\/le-grand-gite\/grand-gite-15-min\/\" class=\"wp-image-205\" srcset=\"https:\/\/archedutrieves-gite.com\/wp-content\/uploads\/2021\/01\/grand-gite-15-min-1024x741.jpg 1024w, https:\/\/archedutrieves-gite.com\/wp-content\/uploads\/2021\/01\/grand-gite-15-min-300x217.jpg 300w, https:\/\/archedutrieves-gite.com\/wp-content\/uploads\/2021\/01\/grand-gite-15-min-768x556.jpg 768w, https:\/\/archedutrieves-gite.com\/wp-content\/uploads\/2021\/01\/grand-gite-15-min-1536x1111.jpg 1536w, https:\/\/archedutrieves-gite.com\/wp-content\/uploads\/2021\/01\/grand-gite-15-min-2048x1482.jpg 2048w, https:\/\/archedutrieves-gite.com\/wp-content\/uploads\/2021\/01\/grand-gite-15-min-83x60.jpg 83w\" sizes=\"(max-width: 1024px) 100vw, 1024px\" \/><figcaption class=\"blocks-gallery-item__caption\">le coin biblioth\u00e8que <\/figcaption><\/figure><\/li><li class=\"blocks-gallery-item\"><figure><img loading=\"lazy\" width=\"1024\" height=\"683\" src=\"https:\/\/archedutrieves-gite.com\/wp-content\/uploads\/2021\/01\/P1220078-min-1024x683.jpg\" alt=\"\" data-id=\"148\" data-full-url=\"https:\/\/archedutrieves-gite.com\/wp-content\/uploads\/2021\/01\/P1220078-min-scaled.jpg\" data-link=\"https:\/\/archedutrieves-gite.com\/p1220078-min\/\" class=\"wp-image-148\" srcset=\"https:\/\/archedutrieves-gite.com\/wp-content\/uploads\/2021\/01\/P1220078-min-1024x683.jpg 1024w, https:\/\/archedutrieves-gite.com\/wp-content\/uploads\/2021\/01\/P1220078-min-300x200.jpg 300w, https:\/\/archedutrieves-gite.com\/wp-content\/uploads\/2021\/01\/P1220078-min-768x512.jpg 768w, https:\/\/archedutrieves-gite.com\/wp-content\/uploads\/2021\/01\/P1220078-min-1536x1024.jpg 1536w, https:\/\/archedutrieves-gite.com\/wp-content\/uploads\/2021\/01\/P1220078-min-2048x1365.jpg 2048w, https:\/\/archedutrieves-gite.com\/wp-content\/uploads\/2021\/01\/P1220078-min-90x60.jpg 90w, https:\/\/archedutrieves-gite.com\/wp-content\/uploads\/2021\/01\/P1220078-min-370x247.jpg 370w, https:\/\/archedutrieves-gite.com\/wp-content\/uploads\/2021\/01\/P1220078-min-776x517.jpg 776w\" sizes=\"(max-width: 1024px) 100vw, 1024px\" \/><figcaption class=\"blocks-gallery-item__caption\">l&#8217;espace repas<\/figcaption><\/figure><\/li><li class=\"blocks-gallery-item\"><figure><img loading=\"lazy\" width=\"1024\" height=\"683\" src=\"https:\/\/archedutrieves-gite.com\/wp-content\/uploads\/2021\/01\/grand-gite-19-min-1024x683.jpg\" alt=\"\" data-id=\"199\" data-full-url=\"https:\/\/archedutrieves-gite.com\/wp-content\/uploads\/2021\/01\/grand-gite-19-min-scaled.jpg\" data-link=\"https:\/\/archedutrieves-gite.com\/index.php\/le-grand-gite\/grand-gite-19-min\/\" class=\"wp-image-199\" srcset=\"https:\/\/archedutrieves-gite.com\/wp-content\/uploads\/2021\/01\/grand-gite-19-min-1024x683.jpg 1024w, https:\/\/archedutrieves-gite.com\/wp-content\/uploads\/2021\/01\/grand-gite-19-min-300x200.jpg 300w, https:\/\/archedutrieves-gite.com\/wp-content\/uploads\/2021\/01\/grand-gite-19-min-768x512.jpg 768w, https:\/\/archedutrieves-gite.com\/wp-content\/uploads\/2021\/01\/grand-gite-19-min-1536x1024.jpg 1536w, https:\/\/archedutrieves-gite.com\/wp-content\/uploads\/2021\/01\/grand-gite-19-min-2048x1365.jpg 2048w, https:\/\/archedutrieves-gite.com\/wp-content\/uploads\/2021\/01\/grand-gite-19-min-90x60.jpg 90w, https:\/\/archedutrieves-gite.com\/wp-content\/uploads\/2021\/01\/grand-gite-19-min-370x247.jpg 370w, https:\/\/archedutrieves-gite.com\/wp-content\/uploads\/2021\/01\/grand-gite-19-min-776x517.jpg 776w\" sizes=\"(max-width: 1024px) 100vw, 1024px\" \/><figcaption class=\"blocks-gallery-item__caption\">la cuisine<\/figcaption><\/figure><\/li><li class=\"blocks-gallery-item\"><figure><img loading=\"lazy\" width=\"1024\" height=\"683\" src=\"https:\/\/archedutrieves-gite.com\/wp-content\/uploads\/2021\/01\/P1220090-min-1024x683.jpg\" alt=\"\" data-id=\"167\" data-full-url=\"https:\/\/archedutrieves-gite.com\/wp-content\/uploads\/2021\/01\/P1220090-min-scaled.jpg\" data-link=\"https:\/\/archedutrieves-gite.com\/p1220090-min\/\" class=\"wp-image-167\" srcset=\"https:\/\/archedutrieves-gite.com\/wp-content\/uploads\/2021\/01\/P1220090-min-1024x683.jpg 1024w, https:\/\/archedutrieves-gite.com\/wp-content\/uploads\/2021\/01\/P1220090-min-300x200.jpg 300w, https:\/\/archedutrieves-gite.com\/wp-content\/uploads\/2021\/01\/P1220090-min-768x512.jpg 768w, https:\/\/archedutrieves-gite.com\/wp-content\/uploads\/2021\/01\/P1220090-min-1536x1024.jpg 1536w, https:\/\/archedutrieves-gite.com\/wp-content\/uploads\/2021\/01\/P1220090-min-2048x1365.jpg 2048w, https:\/\/archedutrieves-gite.com\/wp-content\/uploads\/2021\/01\/P1220090-min-90x60.jpg 90w, https:\/\/archedutrieves-gite.com\/wp-content\/uploads\/2021\/01\/P1220090-min-370x247.jpg 370w, https:\/\/archedutrieves-gite.com\/wp-content\/uploads\/2021\/01\/P1220090-min-776x517.jpg 776w\" sizes=\"(max-width: 1024px) 100vw, 1024px\" \/><figcaption class=\"blocks-gallery-item__caption\">la chambre familiale 4 personnes<\/figcaption><\/figure><\/li><li class=\"blocks-gallery-item\"><figure><img loading=\"lazy\" width=\"1024\" height=\"683\" src=\"https:\/\/archedutrieves-gite.com\/wp-content\/uploads\/2021\/01\/grand-gite-2-min-1024x683.jpg\" alt=\"\" data-id=\"202\" data-full-url=\"https:\/\/archedutrieves-gite.com\/wp-content\/uploads\/2021\/01\/grand-gite-2-min-scaled.jpg\" data-link=\"https:\/\/archedutrieves-gite.com\/index.php\/le-grand-gite\/grand-gite-2-min\/\" class=\"wp-image-202\" srcset=\"https:\/\/archedutrieves-gite.com\/wp-content\/uploads\/2021\/01\/grand-gite-2-min-1024x683.jpg 1024w, https:\/\/archedutrieves-gite.com\/wp-content\/uploads\/2021\/01\/grand-gite-2-min-300x200.jpg 300w, https:\/\/archedutrieves-gite.com\/wp-content\/uploads\/2021\/01\/grand-gite-2-min-768x512.jpg 768w, https:\/\/archedutrieves-gite.com\/wp-content\/uploads\/2021\/01\/grand-gite-2-min-1536x1024.jpg 1536w, https:\/\/archedutrieves-gite.com\/wp-content\/uploads\/2021\/01\/grand-gite-2-min-2048x1365.jpg 2048w, https:\/\/archedutrieves-gite.com\/wp-content\/uploads\/2021\/01\/grand-gite-2-min-90x60.jpg 90w, https:\/\/archedutrieves-gite.com\/wp-content\/uploads\/2021\/01\/grand-gite-2-min-370x247.jpg 370w, https:\/\/archedutrieves-gite.com\/wp-content\/uploads\/2021\/01\/grand-gite-2-min-776x517.jpg 776w\" sizes=\"(max-width: 1024px) 100vw, 1024px\" \/><figcaption class=\"blocks-gallery-item__caption\">la chambre familiale 4 personnes<\/figcaption><\/figure><\/li><li class=\"blocks-gallery-item\"><figure><img loading=\"lazy\" width=\"1024\" height=\"683\" src=\"https:\/\/archedutrieves-gite.com\/wp-content\/uploads\/2021\/01\/P1220091-min-1024x683.jpg\" alt=\"\" data-id=\"168\" data-full-url=\"https:\/\/archedutrieves-gite.com\/wp-content\/uploads\/2021\/01\/P1220091-min-scaled.jpg\" data-link=\"https:\/\/archedutrieves-gite.com\/p1220091-min\/\" class=\"wp-image-168\" srcset=\"https:\/\/archedutrieves-gite.com\/wp-content\/uploads\/2021\/01\/P1220091-min-1024x683.jpg 1024w, https:\/\/archedutrieves-gite.com\/wp-content\/uploads\/2021\/01\/P1220091-min-300x200.jpg 300w, https:\/\/archedutrieves-gite.com\/wp-content\/uploads\/2021\/01\/P1220091-min-768x512.jpg 768w, https:\/\/archedutrieves-gite.com\/wp-content\/uploads\/2021\/01\/P1220091-min-1536x1024.jpg 1536w, https:\/\/archedutrieves-gite.com\/wp-content\/uploads\/2021\/01\/P1220091-min-2048x1365.jpg 2048w, https:\/\/archedutrieves-gite.com\/wp-content\/uploads\/2021\/01\/P1220091-min-90x60.jpg 90w, https:\/\/archedutrieves-gite.com\/wp-content\/uploads\/2021\/01\/P1220091-min-370x247.jpg 370w, https:\/\/archedutrieves-gite.com\/wp-content\/uploads\/2021\/01\/P1220091-min-776x517.jpg 776w\" sizes=\"(max-width: 1024px) 100vw, 1024px\" \/><figcaption class=\"blocks-gallery-item__caption\">&#8220;la chambre verte&#8221;, chambre double <\/figcaption><\/figure><\/li><li class=\"blocks-gallery-item\"><figure><img loading=\"lazy\" width=\"1024\" height=\"683\" src=\"https:\/\/archedutrieves-gite.com\/wp-content\/uploads\/2021\/01\/grand-gite-4-min-1024x683.jpg\" alt=\"\" data-id=\"211\" data-full-url=\"https:\/\/archedutrieves-gite.com\/wp-content\/uploads\/2021\/01\/grand-gite-4-min-scaled.jpg\" data-link=\"https:\/\/archedutrieves-gite.com\/index.php\/le-grand-gite\/grand-gite-4-min\/\" class=\"wp-image-211\" srcset=\"https:\/\/archedutrieves-gite.com\/wp-content\/uploads\/2021\/01\/grand-gite-4-min-1024x683.jpg 1024w, https:\/\/archedutrieves-gite.com\/wp-content\/uploads\/2021\/01\/grand-gite-4-min-300x200.jpg 300w, https:\/\/archedutrieves-gite.com\/wp-content\/uploads\/2021\/01\/grand-gite-4-min-768x512.jpg 768w, https:\/\/archedutrieves-gite.com\/wp-content\/uploads\/2021\/01\/grand-gite-4-min-1536x1024.jpg 1536w, https:\/\/archedutrieves-gite.com\/wp-content\/uploads\/2021\/01\/grand-gite-4-min-2048x1365.jpg 2048w, https:\/\/archedutrieves-gite.com\/wp-content\/uploads\/2021\/01\/grand-gite-4-min-90x60.jpg 90w, https:\/\/archedutrieves-gite.com\/wp-content\/uploads\/2021\/01\/grand-gite-4-min-370x247.jpg 370w, https:\/\/archedutrieves-gite.com\/wp-content\/uploads\/2021\/01\/grand-gite-4-min-776x517.jpg 776w\" sizes=\"(max-width: 1024px) 100vw, 1024px\" \/><figcaption class=\"blocks-gallery-item__caption\">&#8220;la chambre verte&#8221;, chambre double<\/figcaption><\/figure><\/li><li class=\"blocks-gallery-item\"><figure><img loading=\"lazy\" width=\"1024\" height=\"683\" src=\"https:\/\/archedutrieves-gite.com\/wp-content\/uploads\/2021\/01\/P1220107-min-1024x683.jpg\" alt=\"\" data-id=\"176\" data-full-url=\"https:\/\/archedutrieves-gite.com\/wp-content\/uploads\/2021\/01\/P1220107-min-scaled.jpg\" data-link=\"https:\/\/archedutrieves-gite.com\/p1220107-min\/\" class=\"wp-image-176\" srcset=\"https:\/\/archedutrieves-gite.com\/wp-content\/uploads\/2021\/01\/P1220107-min-1024x683.jpg 1024w, https:\/\/archedutrieves-gite.com\/wp-content\/uploads\/2021\/01\/P1220107-min-300x200.jpg 300w, https:\/\/archedutrieves-gite.com\/wp-content\/uploads\/2021\/01\/P1220107-min-768x512.jpg 768w, https:\/\/archedutrieves-gite.com\/wp-content\/uploads\/2021\/01\/P1220107-min-1536x1024.jpg 1536w, https:\/\/archedutrieves-gite.com\/wp-content\/uploads\/2021\/01\/P1220107-min-2048x1365.jpg 2048w, https:\/\/archedutrieves-gite.com\/wp-content\/uploads\/2021\/01\/P1220107-min-90x60.jpg 90w, https:\/\/archedutrieves-gite.com\/wp-content\/uploads\/2021\/01\/P1220107-min-370x247.jpg 370w, https:\/\/archedutrieves-gite.com\/wp-content\/uploads\/2021\/01\/P1220107-min-776x517.jpg 776w\" sizes=\"(max-width: 1024px) 100vw, 1024px\" \/><figcaption class=\"blocks-gallery-item__caption\">&#8220;les chouettes&#8221;, chambre double<\/figcaption><\/figure><\/li><li class=\"blocks-gallery-item\"><figure><img loading=\"lazy\" width=\"1024\" height=\"683\" src=\"https:\/\/archedutrieves-gite.com\/wp-content\/uploads\/2021\/01\/P1220111-min-1024x683.jpg\" alt=\"\" data-id=\"178\" data-full-url=\"https:\/\/archedutrieves-gite.com\/wp-content\/uploads\/2021\/01\/P1220111-min-scaled.jpg\" data-link=\"https:\/\/archedutrieves-gite.com\/p1220111-min\/\" class=\"wp-image-178\" srcset=\"https:\/\/archedutrieves-gite.com\/wp-content\/uploads\/2021\/01\/P1220111-min-1024x683.jpg 1024w, https:\/\/archedutrieves-gite.com\/wp-content\/uploads\/2021\/01\/P1220111-min-300x200.jpg 300w, https:\/\/archedutrieves-gite.com\/wp-content\/uploads\/2021\/01\/P1220111-min-768x512.jpg 768w, https:\/\/archedutrieves-gite.com\/wp-content\/uploads\/2021\/01\/P1220111-min-1536x1024.jpg 1536w, https:\/\/archedutrieves-gite.com\/wp-content\/uploads\/2021\/01\/P1220111-min-2048x1365.jpg 2048w, https:\/\/archedutrieves-gite.com\/wp-content\/uploads\/2021\/01\/P1220111-min-90x60.jpg 90w, https:\/\/archedutrieves-gite.com\/wp-content\/uploads\/2021\/01\/P1220111-min-370x247.jpg 370w, https:\/\/archedutrieves-gite.com\/wp-content\/uploads\/2021\/01\/P1220111-min-776x517.jpg 776w\" sizes=\"(max-width: 1024px) 100vw, 1024px\" \/><figcaption class=\"blocks-gallery-item__caption\">chambre double &#8220;&#8230;&#8221;<\/figcaption><\/figure><\/li><li class=\"blocks-gallery-item\"><figure><img loading=\"lazy\" width=\"1024\" height=\"683\" src=\"https:\/\/archedutrieves-gite.com\/wp-content\/uploads\/2021\/01\/P1220120-min-1024x683.jpg\" alt=\"\" data-id=\"183\" data-full-url=\"https:\/\/archedutrieves-gite.com\/wp-content\/uploads\/2021\/01\/P1220120-min-scaled.jpg\" data-link=\"https:\/\/archedutrieves-gite.com\/p1220120-min\/\" class=\"wp-image-183\" srcset=\"https:\/\/archedutrieves-gite.com\/wp-content\/uploads\/2021\/01\/P1220120-min-1024x683.jpg 1024w, https:\/\/archedutrieves-gite.com\/wp-content\/uploads\/2021\/01\/P1220120-min-300x200.jpg 300w, https:\/\/archedutrieves-gite.com\/wp-content\/uploads\/2021\/01\/P1220120-min-768x512.jpg 768w, https:\/\/archedutrieves-gite.com\/wp-content\/uploads\/2021\/01\/P1220120-min-1536x1024.jpg 1536w, https:\/\/archedutrieves-gite.com\/wp-content\/uploads\/2021\/01\/P1220120-min-2048x1365.jpg 2048w, https:\/\/archedutrieves-gite.com\/wp-content\/uploads\/2021\/01\/P1220120-min-90x60.jpg 90w, https:\/\/archedutrieves-gite.com\/wp-content\/uploads\/2021\/01\/P1220120-min-370x247.jpg 370w, https:\/\/archedutrieves-gite.com\/wp-content\/uploads\/2021\/01\/P1220120-min-776x517.jpg 776w\" sizes=\"(max-width: 1024px) 100vw, 1024px\" \/><figcaption class=\"blocks-gallery-item__caption\">&#8220;Le dortoir&#8221;, 5 places<\/figcaption><\/figure><\/li><li class=\"blocks-gallery-item\"><figure><img loading=\"lazy\" width=\"1024\" height=\"684\" src=\"https:\/\/archedutrieves-gite.com\/wp-content\/uploads\/2021\/01\/P1220124-min-1024x684.jpg\" alt=\"\" data-id=\"185\" data-full-url=\"https:\/\/archedutrieves-gite.com\/wp-content\/uploads\/2021\/01\/P1220124-min-scaled.jpg\" data-link=\"https:\/\/archedutrieves-gite.com\/p1220124-min\/\" class=\"wp-image-185\" srcset=\"https:\/\/archedutrieves-gite.com\/wp-content\/uploads\/2021\/01\/P1220124-min-1024x684.jpg 1024w, https:\/\/archedutrieves-gite.com\/wp-content\/uploads\/2021\/01\/P1220124-min-300x200.jpg 300w, https:\/\/archedutrieves-gite.com\/wp-content\/uploads\/2021\/01\/P1220124-min-768x513.jpg 768w, https:\/\/archedutrieves-gite.com\/wp-content\/uploads\/2021\/01\/P1220124-min-1536x1026.jpg 1536w, https:\/\/archedutrieves-gite.com\/wp-content\/uploads\/2021\/01\/P1220124-min-2048x1368.jpg 2048w, https:\/\/archedutrieves-gite.com\/wp-content\/uploads\/2021\/01\/P1220124-min-90x60.jpg 90w, https:\/\/archedutrieves-gite.com\/wp-content\/uploads\/2021\/01\/P1220124-min-370x247.jpg 370w, https:\/\/archedutrieves-gite.com\/wp-content\/uploads\/2021\/01\/P1220124-min-776x517.jpg 776w\" sizes=\"(max-width: 1024px) 100vw, 1024px\" \/><figcaption class=\"blocks-gallery-item__caption\">&#8220;Le dortoir&#8221;, 5 places<\/figcaption><\/figure><\/li><\/ul><\/figure>\n","protected":false},"excerpt":{"rendered":"<p>Le grand g\u00eete est un g\u00eete spacieux de 15 places, implant\u00e9 sur deux \u00e9tages. Le 1er \u00e9tage, de 300 m2, se compose d&#8217;un grand espace salon-salle \u00e0 manger articul\u00e9 autour &hellip; <\/p>\n","protected":false},"author":1,"featured_media":0,"parent":0,"menu_order":0,"comment_status":"closed","ping_status":"closed","template":"","meta":[],"_links":{"self":[{"href":"https:\/\/archedutrieves-gite.com\/index.php\/wp-json\/wp\/v2\/pages\/92"}],"collection":[{"href":"https:\/\/archedutrieves-gite.com\/index.php\/wp-json\/wp\/v2\/pages"}],"about":[{"href":"https:\/\/archedutrieves-gite.com\/index.php\/wp-json\/wp\/v2\/types\/page"}],"author":[{"embeddable":true,"href":"https:\/\/archedutrieves-gite.com\/index.php\/wp-json\/wp\/v2\/users\/1"}],"replies":[{"embeddable":true,"href":"https:\/\/archedutrieves-gite.com\/index.php\/wp-json\/wp\/v2\/comments?post=92"}],"version-history":[{"count":15,"href":"https:\/\/archedutrieves-gite.com\/index.php\/wp-json\/wp\/v2\/pages\/92\/revisions"}],"predecessor-version":[{"id":226,"href":"https:\/\/archedutrieves-gite.com\/index.php\/wp-json\/wp\/v2\/pages\/92\/revisions\/226"}],"wp:attachment":[{"href":"https:\/\/archedutrieves-gite.com\/index.php\/wp-json\/wp\/v2\/media?parent=92"}],"curies":[{"name":"wp","href":"https:\/\/api.w.org\/{rel}","templated":true}]}}