{"id":102,"date":"2021-01-19T19:13:56","date_gmt":"2021-01-19T18:13:56","guid":{"rendered":"https:\/\/archedutrieves-gite.com\/?page_id=102"},"modified":"2021-01-23T14:18:51","modified_gmt":"2021-01-23T13:18:51","slug":"le-petit-gite","status":"publish","type":"page","link":"https:\/\/archedutrieves-gite.com\/index.php\/le-petit-gite\/","title":{"rendered":"Le petit g\u00eete"},"content":{"rendered":"\n<p class=\"has-text-align-left\">Le petit g\u00eete, d&#8217;une capacit\u00e9 de 7 places, se compose au rez-de-chauss\u00e9e d&#8217;une salle de douche, d&#8217;un wc, d&#8217;une salle \u00e0 manger avec foyer ferm\u00e9 et d&#8217;une cuisine enti\u00e8rement \u00e9quip\u00e9e. <\/p>\n\n\n\n<p class=\"has-text-align-left\">Au premier \u00e9tage, 1 chambre double et un grand salon avec canap\u00e9s, TV et biblioth\u00e8que. <\/p>\n\n\n\n<p class=\"has-text-align-left\">Au second \u00e9tage, une chambre double et une chambre avec trois lits une place.<\/p>\n\n\n\n<p class=\"has-text-align-left\">Gite &#8220;accueil b\u00e9b\u00e9&#8221; : mise \u00e0 disposition de chaises hautes, lits parapluie, &#8230;<\/p>\n\n\n\n<p class=\"has-text-align-left\">Terrasse privative.   Espaces verts, terrain de p\u00e9tanque et jeux d&#8217;enfants partag\u00e9s avec le grand g\u00eete.<\/p>\n\n\n\n<figure class=\"wp-block-image size-large is-style-default\"><img loading=\"lazy\" width=\"1024\" height=\"683\" src=\"https:\/\/archedutrieves-gite.com\/wp-content\/uploads\/2021\/01\/petit-gite-9-1024x683.jpg\" alt=\"le petit g\u00eete\" class=\"wp-image-105\" srcset=\"https:\/\/archedutrieves-gite.com\/wp-content\/uploads\/2021\/01\/petit-gite-9-1024x683.jpg 1024w, https:\/\/archedutrieves-gite.com\/wp-content\/uploads\/2021\/01\/petit-gite-9-300x200.jpg 300w, https:\/\/archedutrieves-gite.com\/wp-content\/uploads\/2021\/01\/petit-gite-9-768x512.jpg 768w, https:\/\/archedutrieves-gite.com\/wp-content\/uploads\/2021\/01\/petit-gite-9-1536x1024.jpg 1536w, https:\/\/archedutrieves-gite.com\/wp-content\/uploads\/2021\/01\/petit-gite-9-2048x1365.jpg 2048w, https:\/\/archedutrieves-gite.com\/wp-content\/uploads\/2021\/01\/petit-gite-9-90x60.jpg 90w, https:\/\/archedutrieves-gite.com\/wp-content\/uploads\/2021\/01\/petit-gite-9-370x247.jpg 370w, https:\/\/archedutrieves-gite.com\/wp-content\/uploads\/2021\/01\/petit-gite-9-776x517.jpg 776w\" sizes=\"(max-width: 1024px) 100vw, 1024px\" \/><figcaption>la salle \u00e0 manger<\/figcaption><\/figure>\n\n\n\n<figure class=\"wp-block-gallery columns-3\"><ul class=\"blocks-gallery-grid\"><li class=\"blocks-gallery-item\"><figure><img loading=\"lazy\" width=\"1024\" height=\"683\" src=\"https:\/\/archedutrieves-gite.com\/wp-content\/uploads\/2021\/01\/IMG_1275-min-1024x683.jpg\" alt=\"\" data-id=\"195\" data-link=\"https:\/\/archedutrieves-gite.com\/index.php\/le-petit-gite\/img_1275-min\/\" class=\"wp-image-195\" srcset=\"https:\/\/archedutrieves-gite.com\/wp-content\/uploads\/2021\/01\/IMG_1275-min-1024x683.jpg 1024w, https:\/\/archedutrieves-gite.com\/wp-content\/uploads\/2021\/01\/IMG_1275-min-300x200.jpg 300w, https:\/\/archedutrieves-gite.com\/wp-content\/uploads\/2021\/01\/IMG_1275-min-768x512.jpg 768w, https:\/\/archedutrieves-gite.com\/wp-content\/uploads\/2021\/01\/IMG_1275-min-1536x1024.jpg 1536w, https:\/\/archedutrieves-gite.com\/wp-content\/uploads\/2021\/01\/IMG_1275-min-2048x1365.jpg 2048w, https:\/\/archedutrieves-gite.com\/wp-content\/uploads\/2021\/01\/IMG_1275-min-90x60.jpg 90w, https:\/\/archedutrieves-gite.com\/wp-content\/uploads\/2021\/01\/IMG_1275-min-370x247.jpg 370w, https:\/\/archedutrieves-gite.com\/wp-content\/uploads\/2021\/01\/IMG_1275-min-776x517.jpg 776w\" sizes=\"(max-width: 1024px) 100vw, 1024px\" \/><figcaption class=\"blocks-gallery-item__caption\">la cuisine<\/figcaption><\/figure><\/li><li class=\"blocks-gallery-item\"><figure><img loading=\"lazy\" width=\"1024\" height=\"683\" src=\"https:\/\/archedutrieves-gite.com\/wp-content\/uploads\/2021\/01\/P1220060-min-1024x683.jpg\" alt=\"\" data-id=\"124\" data-link=\"https:\/\/archedutrieves-gite.com\/p1220060-min\/\" class=\"wp-image-124\" srcset=\"https:\/\/archedutrieves-gite.com\/wp-content\/uploads\/2021\/01\/P1220060-min-1024x683.jpg 1024w, https:\/\/archedutrieves-gite.com\/wp-content\/uploads\/2021\/01\/P1220060-min-300x200.jpg 300w, https:\/\/archedutrieves-gite.com\/wp-content\/uploads\/2021\/01\/P1220060-min-768x512.jpg 768w, https:\/\/archedutrieves-gite.com\/wp-content\/uploads\/2021\/01\/P1220060-min-1536x1024.jpg 1536w, https:\/\/archedutrieves-gite.com\/wp-content\/uploads\/2021\/01\/P1220060-min-2048x1365.jpg 2048w, https:\/\/archedutrieves-gite.com\/wp-content\/uploads\/2021\/01\/P1220060-min-90x60.jpg 90w, https:\/\/archedutrieves-gite.com\/wp-content\/uploads\/2021\/01\/P1220060-min-370x247.jpg 370w, https:\/\/archedutrieves-gite.com\/wp-content\/uploads\/2021\/01\/P1220060-min-776x517.jpg 776w\" sizes=\"(max-width: 1024px) 100vw, 1024px\" \/><figcaption class=\"blocks-gallery-item__caption\">le salon<\/figcaption><\/figure><\/li><li class=\"blocks-gallery-item\"><figure><img loading=\"lazy\" width=\"1024\" height=\"683\" src=\"https:\/\/archedutrieves-gite.com\/wp-content\/uploads\/2021\/01\/P1220064-min-1024x683.jpg\" alt=\"\" data-id=\"128\" data-link=\"https:\/\/archedutrieves-gite.com\/p1220064-min\/\" class=\"wp-image-128\" srcset=\"https:\/\/archedutrieves-gite.com\/wp-content\/uploads\/2021\/01\/P1220064-min-1024x683.jpg 1024w, https:\/\/archedutrieves-gite.com\/wp-content\/uploads\/2021\/01\/P1220064-min-300x200.jpg 300w, https:\/\/archedutrieves-gite.com\/wp-content\/uploads\/2021\/01\/P1220064-min-768x512.jpg 768w, https:\/\/archedutrieves-gite.com\/wp-content\/uploads\/2021\/01\/P1220064-min-1536x1024.jpg 1536w, https:\/\/archedutrieves-gite.com\/wp-content\/uploads\/2021\/01\/P1220064-min-2048x1365.jpg 2048w, https:\/\/archedutrieves-gite.com\/wp-content\/uploads\/2021\/01\/P1220064-min-90x60.jpg 90w, https:\/\/archedutrieves-gite.com\/wp-content\/uploads\/2021\/01\/P1220064-min-370x247.jpg 370w, https:\/\/archedutrieves-gite.com\/wp-content\/uploads\/2021\/01\/P1220064-min-776x517.jpg 776w\" sizes=\"(max-width: 1024px) 100vw, 1024px\" \/><figcaption class=\"blocks-gallery-item__caption\">la chambre triple<\/figcaption><\/figure><\/li><li class=\"blocks-gallery-item\"><figure><img loading=\"lazy\" width=\"1024\" height=\"683\" src=\"https:\/\/archedutrieves-gite.com\/wp-content\/uploads\/2021\/01\/P1220057-min-1024x683.jpg\" alt=\"\" data-id=\"121\" data-link=\"https:\/\/archedutrieves-gite.com\/p1220057-min\/\" class=\"wp-image-121\" srcset=\"https:\/\/archedutrieves-gite.com\/wp-content\/uploads\/2021\/01\/P1220057-min-1024x683.jpg 1024w, https:\/\/archedutrieves-gite.com\/wp-content\/uploads\/2021\/01\/P1220057-min-300x200.jpg 300w, https:\/\/archedutrieves-gite.com\/wp-content\/uploads\/2021\/01\/P1220057-min-768x512.jpg 768w, https:\/\/archedutrieves-gite.com\/wp-content\/uploads\/2021\/01\/P1220057-min-1536x1024.jpg 1536w, https:\/\/archedutrieves-gite.com\/wp-content\/uploads\/2021\/01\/P1220057-min-2048x1365.jpg 2048w, https:\/\/archedutrieves-gite.com\/wp-content\/uploads\/2021\/01\/P1220057-min-90x60.jpg 90w, https:\/\/archedutrieves-gite.com\/wp-content\/uploads\/2021\/01\/P1220057-min-370x247.jpg 370w, https:\/\/archedutrieves-gite.com\/wp-content\/uploads\/2021\/01\/P1220057-min-776x517.jpg 776w\" sizes=\"(max-width: 1024px) 100vw, 1024px\" \/><figcaption class=\"blocks-gallery-item__caption\">la chambre du 1er \u00e9tage<\/figcaption><\/figure><\/li><li class=\"blocks-gallery-item\"><figure><img loading=\"lazy\" width=\"1024\" height=\"683\" src=\"https:\/\/archedutrieves-gite.com\/wp-content\/uploads\/2021\/01\/petit-gite-14-min-1024x683.jpg\" alt=\"\" data-id=\"209\" data-full-url=\"https:\/\/archedutrieves-gite.com\/wp-content\/uploads\/2021\/01\/petit-gite-14-min-scaled.jpg\" data-link=\"https:\/\/archedutrieves-gite.com\/index.php\/le-petit-gite\/petit-gite-14-min\/\" class=\"wp-image-209\" srcset=\"https:\/\/archedutrieves-gite.com\/wp-content\/uploads\/2021\/01\/petit-gite-14-min-1024x683.jpg 1024w, https:\/\/archedutrieves-gite.com\/wp-content\/uploads\/2021\/01\/petit-gite-14-min-300x200.jpg 300w, https:\/\/archedutrieves-gite.com\/wp-content\/uploads\/2021\/01\/petit-gite-14-min-768x512.jpg 768w, https:\/\/archedutrieves-gite.com\/wp-content\/uploads\/2021\/01\/petit-gite-14-min-1536x1024.jpg 1536w, https:\/\/archedutrieves-gite.com\/wp-content\/uploads\/2021\/01\/petit-gite-14-min-2048x1365.jpg 2048w, https:\/\/archedutrieves-gite.com\/wp-content\/uploads\/2021\/01\/petit-gite-14-min-90x60.jpg 90w, https:\/\/archedutrieves-gite.com\/wp-content\/uploads\/2021\/01\/petit-gite-14-min-370x247.jpg 370w, https:\/\/archedutrieves-gite.com\/wp-content\/uploads\/2021\/01\/petit-gite-14-min-776x517.jpg 776w\" sizes=\"(max-width: 1024px) 100vw, 1024px\" \/><figcaption class=\"blocks-gallery-item__caption\">la chambre double du 2nd<\/figcaption><\/figure><\/li><\/ul><\/figure>\n\n\n\n<p><\/p>\n","protected":false},"excerpt":{"rendered":"<p>Le petit g\u00eete, d&#8217;une capacit\u00e9 de 7 places, se compose au rez-de-chauss\u00e9e d&#8217;une salle de douche, d&#8217;un wc, d&#8217;une salle \u00e0 manger avec foyer ferm\u00e9 et d&#8217;une cuisine enti\u00e8rement \u00e9quip\u00e9e. &hellip; <\/p>\n","protected":false},"author":1,"featured_media":0,"parent":0,"menu_order":0,"comment_status":"closed","ping_status":"closed","template":"","meta":[],"_links":{"self":[{"href":"https:\/\/archedutrieves-gite.com\/index.php\/wp-json\/wp\/v2\/pages\/102"}],"collection":[{"href":"https:\/\/archedutrieves-gite.com\/index.php\/wp-json\/wp\/v2\/pages"}],"about":[{"href":"https:\/\/archedutrieves-gite.com\/index.php\/wp-json\/wp\/v2\/types\/page"}],"author":[{"embeddable":true,"href":"https:\/\/archedutrieves-gite.com\/index.php\/wp-json\/wp\/v2\/users\/1"}],"replies":[{"embeddable":true,"href":"https:\/\/archedutrieves-gite.com\/index.php\/wp-json\/wp\/v2\/comments?post=102"}],"version-history":[{"count":17,"href":"https:\/\/archedutrieves-gite.com\/index.php\/wp-json\/wp\/v2\/pages\/102\/revisions"}],"predecessor-version":[{"id":210,"href":"https:\/\/archedutrieves-gite.com\/index.php\/wp-json\/wp\/v2\/pages\/102\/revisions\/210"}],"wp:attachment":[{"href":"https:\/\/archedutrieves-gite.com\/index.php\/wp-json\/wp\/v2\/media?parent=102"}],"curies":[{"name":"wp","href":"https:\/\/api.w.org\/{rel}","templated":true}]}}